{"id":49,"date":"2024-05-26T16:00:01","date_gmt":"2024-05-26T16:00:01","guid":{"rendered":"https:\/\/blog.frauengelfotografiert.de\/?page_id=49"},"modified":"2024-08-04T15:02:13","modified_gmt":"2024-08-04T13:02:13","slug":"bike-touren","status":"publish","type":"page","link":"https:\/\/blog.frauengelfotografiert.de\/index.php\/bike-touren\/","title":{"rendered":"Bike-Touren"},"content":{"rendered":"\n<p>Ich mache auch gern Touren mit dem E-Bike, da kann das Auto mal zu Hause bleiben.<\/p>\n\n\n\n<p>Hier eine Route <strong>von Quickborn mitten ins Herz der Metropole Hamburg<\/strong> (26,6 km), gr\u00f6\u00dftenteils abseits von nervendem Autol\u00e4rm. Und ganz nebenbei lassen sich nat\u00fcrlich auch sehr sch\u00f6ne Motive entdecken.<\/p>\n\n\n\n<p> <a href=\"https:\/\/www.komoot.com\/de-DE\/tour\/77433424?ref=itd\"><img loading=\"lazy\" decoding=\"async\" width=\"150\" height=\"150\" class=\"wp-image-185\" style=\"width: 150px;\" src=\"https:\/\/blog.frauengelfotografiert.de\/wp-content\/uploads\/2024\/05\/img_3771-1-e1716921194126.jpg\" alt=\"\"><\/a><\/p>\n\n\n\n<hr class=\"wp-block-separator has-alpha-channel-opacity\"\/>\n\n\n\n<p>Es folgt eine <strong>Sightseeingtour \u00fcber die d\u00e4nische Insel Fan\u00f8<\/strong>, 31,6 km entspannen und genie\u00dfen.<\/p>\n\n\n\n<figure class=\"wp-block-image size-full is-resized\"><a href=\"https:\/\/www.komoot.com\/de-DE\/tour\/1746223242?ref=itd\"><img loading=\"lazy\" decoding=\"async\" width=\"955\" height=\"955\" src=\"https:\/\/blog.frauengelfotografiert.de\/wp-content\/uploads\/2024\/08\/img_6022-1.jpg\" alt=\"\" class=\"wp-image-610\" style=\"width:151px;height:auto\" srcset=\"https:\/\/blog.frauengelfotografiert.de\/wp-content\/uploads\/2024\/08\/img_6022-1.jpg 955w, https:\/\/blog.frauengelfotografiert.de\/wp-content\/uploads\/2024\/08\/img_6022-1-300x300.jpg 300w, https:\/\/blog.frauengelfotografiert.de\/wp-content\/uploads\/2024\/08\/img_6022-1-150x150.jpg 150w, https:\/\/blog.frauengelfotografiert.de\/wp-content\/uploads\/2024\/08\/img_6022-1-768x768.jpg 768w, https:\/\/blog.frauengelfotografiert.de\/wp-content\/uploads\/2024\/08\/img_6022-1-676x676.jpg 676w\" sizes=\"auto, (max-width: 955px) 100vw, 955px\" \/><\/a><\/figure>\n\n\n\n<hr class=\"wp-block-separator has-alpha-channel-opacity\"\/>\n","protected":false},"excerpt":{"rendered":"<p>Ich mache auch gern Touren mit dem E-Bike, da kann das Auto mal zu Hause bleiben. Hier eine Route von Quickborn mitten ins Herz der Metropole Hamburg (26,6 km), gr\u00f6\u00dftenteils abseits von nervendem Autol\u00e4rm. Und ganz nebenbei lassen sich nat\u00fcrlich auch sehr sch\u00f6ne Motive entdecken. Es folgt eine Sightseeingtour \u00fcber die d\u00e4nische Insel Fan\u00f8, 31,6 [&hellip;]<\/p>\n","protected":false},"author":3,"featured_media":0,"parent":0,"menu_order":0,"comment_status":"closed","ping_status":"closed","template":"","meta":{"ngg_post_thumbnail":0,"footnotes":""},"class_list":["post-49","page","type-page","status-publish","hentry","post-preview"],"_links":{"self":[{"href":"https:\/\/blog.frauengelfotografiert.de\/index.php\/wp-json\/wp\/v2\/pages\/49","targetHints":{"allow":["GET"]}}],"collection":[{"href":"https:\/\/blog.frauengelfotografiert.de\/index.php\/wp-json\/wp\/v2\/pages"}],"about":[{"href":"https:\/\/blog.frauengelfotografiert.de\/index.php\/wp-json\/wp\/v2\/types\/page"}],"author":[{"embeddable":true,"href":"https:\/\/blog.frauengelfotografiert.de\/index.php\/wp-json\/wp\/v2\/users\/3"}],"replies":[{"embeddable":true,"href":"https:\/\/blog.frauengelfotografiert.de\/index.php\/wp-json\/wp\/v2\/comments?post=49"}],"version-history":[{"count":7,"href":"https:\/\/blog.frauengelfotografiert.de\/index.php\/wp-json\/wp\/v2\/pages\/49\/revisions"}],"predecessor-version":[{"id":612,"href":"https:\/\/blog.frauengelfotografiert.de\/index.php\/wp-json\/wp\/v2\/pages\/49\/revisions\/612"}],"wp:attachment":[{"href":"https:\/\/blog.frauengelfotografiert.de\/index.php\/wp-json\/wp\/v2\/media?parent=49"}],"curies":[{"name":"wp","href":"https:\/\/api.w.org\/{rel}","templated":true}]}}